{"id":3982,"date":"2018-02-11T10:45:39","date_gmt":"2018-02-11T09:45:39","guid":{"rendered":"http:\/\/basisgruppe-antifa.org\/wp\/?page_id=3982"},"modified":"2018-02-11T10:53:23","modified_gmt":"2018-02-11T09:53:23","slug":"bremen-nord-es-reicht-schon-lange-nazis-in-ihrer-komfortzone-angreifen","status":"publish","type":"page","link":"https:\/\/basisgruppe-antifa.org\/wp\/bremen-nord-es-reicht-schon-lange-nazis-in-ihrer-komfortzone-angreifen\/","title":{"rendered":"Bremen-Nord: Es reicht schon lange \u2013 Nazis in ihrer Komfortzone angreifen!"},"content":{"rendered":"<p><em>Auf der antifaschistischen Demonstration am 10. Februar 2018 in Bremen-Nord haben wir folgenden Redebeitrag gehalten. Dieser l\u00e4sst sich hier auch nach h\u00f6ren<\/em>:<\/p>\n<p><iframe loading=\"lazy\" src=\"https:\/\/w.soundcloud.com\/player\/?url=https%3A\/\/api.soundcloud.com\/tracks\/397291725&amp;color=%23ff5500&amp;auto_play=false&amp;hide_related=false&amp;show_comments=true&amp;show_user=true&amp;show_reposts=false&amp;show_teaser=true&amp;visual=true\" width=\"100%\" height=\"300\" frameborder=\"no\" scrolling=\"no\"><\/iframe><\/p>\n<hr \/>\n<h3><strong>Es reicht schon lange \u2013 Nazis in ihrer Komfortzone angreifen!<\/strong><\/h3>\n<p>Nazistrukturen geh\u00f6ren zerschlagen, ob in Bremen-Nord, Bremen-Stadt oder anderswo! Niemand von uns will, dass Menschen Angst haben m\u00fcssen, von Nazis verpr\u00fcgelt zu werden, wenn sie sich auf der Stra\u00dfe bewegen. Niemand von uns will, dass sich Nazis \u2013 egal ob im Wahlkampf oder nicht \u2013 auf Marktpl\u00e4tze stellen und ihre menschenfeindliche Hetze verbreiten. Niemand von uns will, dass Nazis Jagd auf all diejenigen machen, die nicht in ihr Weltbild passen. Die Polizei ist dabei weder Freund noch Helfer, deswegen ist antifaschistischer Selbstschutz n\u00f6tig und richtig!<\/p>\n<p>Nazis geben sich gerne rebellisch gegen diese Gesellschaft. Sie sind es aber nicht. Im Gegenteil, sie sind nur Fans derselben nationalistischen Idee, von deren Umsetzung sie entt\u00e4uscht sind. W\u00e4hrend alle demokratische Parteien, von AfD bis Linkspartei, die Menschen nach Pass und N\u00fctzlichkeit f\u00fcr den Standort sortieren und von Obergrenzen reden, reicht das echten Nazis nicht. Sie w\u00fcnschen sich eine v\u00f6lkische Blut-und-Boden-Politik. Einig sind sich alle dabei in ihrer Sorge um Deutschland. F\u00fcr die Nazis ist Volk und Nation ein Selbstzweck ohne wenn-und-aber. F\u00fcr die Demokrat*innen aber ist die Frage, was am besten f\u00fcr den Standort Deutschland ist, eine komplizierte Rechnung, die lieber dem Rechtsstaat \u00fcberlassen wird. So kommt es, dass Nazis ihre m\u00f6rderische Liebe zu Deutschland gerne in die eigenen F\u00e4uste nehmen. Den Demokrat*innen f\u00e4llt dazu dann nicht viel mehr ein, als sich bunt und weltoffen dar\u00fcber zu beschweren, dass das ja nun wirklich ganz schrecklich illegal und undemokratisch sei.<\/p>\n<p>Dies bedeutet, dass wir uns \u2013 inhaltlich und praktisch \u2013 nicht nur gegen Nazis richten d\u00fcrfen.<br \/>\nAntifaschismus hei\u00dft, dass wir die Grundlage ihres Denkens und Handelns, die patriarchal-kapitalistische Gesellschaft, angreifen m\u00fcssen. Dieser ganze Laden geh\u00f6rt abgeschafft!<\/p>\n<p>Wir haben eine grunds\u00e4tzliche Kritik an der b\u00fcrgerlichen Gesellschaft, an Patriarchat und Kapitalismus. Niemand von uns ist verschont von ihren tagt\u00e4glichen H\u00e4rten und Zumutungen. Wir alle m\u00fcssen uns im Alltag gegen andere durchsetzen. Die einen im Jobcenter, die anderen auf der Arbeit, in der Uni oder in der Schule. Frauen* haben die doppelte Belastung \u2013 es wird von ihnen erwartet zus\u00e4tzlich zuhause hinterm Herd oder am Wickeltisch zu stehen. So ist ein Tag oft beschissener als der andere.<\/p>\n<p>Statt sich die gesellschaftlichen Zusammenh\u00e4nge zu erkl\u00e4ren, miteinander solidarisch zu sein und sich zusammenzuschlie\u00dfen, lernen wir von klein auf uns in der Konkurrenz gegen andere zu behaupten. Hetze gegen Arme, vermeintlich Faule und Gefl\u00fcchtete geh\u00f6ren somit zum politischen Mainstream.<br \/>\nWerden ihnen die Folgen des Kapitalismus \u2013 Flucht, Niedriglohn, steigende Mieten \u2013 deutlich, besinnen sich viele Deutsche auf das, was ihnen schon immer besonders lieb und teuer war: Familie, Volk und Vaterland. Das kotzt uns an!<\/p>\n<p>Da diese Gesellschaft aber nicht vom Himmel gefallen, sondern von Menschen gemacht ist, l\u00e4sst sie sich auch wieder abschaffen. Eine erfolgreiche langfristige Bek\u00e4mpfung der Nazis kann nur die Bek\u00e4mpfung ihrer Ursachen und damit auch der gesamten Verh\u00e4ltnisse in denen wir leben sein. Deswegen wollen wir f\u00fcr eine andere Gesellschaft k\u00e4mpfen, hierf\u00fcr m\u00fcssen wir uns organisieren, denn Solidarit\u00e4t ist st\u00e4rker als Vaterlandsliebe!<\/p>\n<p><strong>Es bleibt dabei: Gegen die Nation und ihre Fans \u2013 in Bremen Nord und \u00fcberall!<\/strong><\/p>\n","protected":false},"excerpt":{"rendered":"<p>Auf der antifaschistischen Demonstration am 10. Februar 2018 in Bremen-Nord haben wir folgenden Redebeitrag gehalten. Dieser l\u00e4sst sich hier auch nach h\u00f6ren: Es reicht schon lange \u2013 Nazis in ihrer &hellip; <\/p>\n","protected":false},"author":1,"featured_media":0,"parent":0,"menu_order":0,"comment_status":"closed","ping_status":"closed","template":"","meta":{"footnotes":""},"class_list":["post-3982","page","type-page","status-publish","hentry"],"jetpack_sharing_enabled":true,"_links":{"self":[{"href":"https:\/\/basisgruppe-antifa.org\/wp\/wp-json\/wp\/v2\/pages\/3982","targetHints":{"allow":["GET"]}}],"collection":[{"href":"https:\/\/basisgruppe-antifa.org\/wp\/wp-json\/wp\/v2\/pages"}],"about":[{"href":"https:\/\/basisgruppe-antifa.org\/wp\/wp-json\/wp\/v2\/types\/page"}],"author":[{"embeddable":true,"href":"https:\/\/basisgruppe-antifa.org\/wp\/wp-json\/wp\/v2\/users\/1"}],"replies":[{"embeddable":true,"href":"https:\/\/basisgruppe-antifa.org\/wp\/wp-json\/wp\/v2\/comments?post=3982"}],"version-history":[{"count":0,"href":"https:\/\/basisgruppe-antifa.org\/wp\/wp-json\/wp\/v2\/pages\/3982\/revisions"}],"wp:attachment":[{"href":"https:\/\/basisgruppe-antifa.org\/wp\/wp-json\/wp\/v2\/media?parent=3982"}],"curies":[{"name":"wp","href":"https:\/\/api.w.org\/{rel}","templated":true}]}}