{"id":2650,"date":"2014-07-04T10:25:47","date_gmt":"2014-07-04T08:25:47","guid":{"rendered":"http:\/\/basisgruppe-antifa.org\/wp\/?page_id=2650"},"modified":"2014-07-04T10:25:47","modified_gmt":"2014-07-04T08:25:47","slug":"kein-spiel-fuer-die-nation-2014","status":"publish","type":"page","link":"https:\/\/basisgruppe-antifa.org\/wp\/kein-spiel-fuer-die-nation-2014\/","title":{"rendered":"Kein Spiel f\u00fcr die Nation! (2014)"},"content":{"rendered":"<p>Am 5. Juli 2014 hielten wir auf der Demonstration des <a href=\"http:\/\/gegennationalismus.blog.com\">&#8222;B\u00fcndnis gegen Nationalismus Bremen&#8220;<\/a> unter den Titel &#8222;Keine Party f\u00fcr die Nation&#8220; folgenden Redebeitrag.<\/p>\n<div id=\"ez-toc-container\" class=\"ez-toc-v2_0_82_2 counter-hierarchy ez-toc-counter ez-toc-grey ez-toc-container-direction\">\n<div class=\"ez-toc-title-container\">\n<p class=\"ez-toc-title\" style=\"cursor:inherit\">Inhaltsverzeichnis<\/p>\n<span class=\"ez-toc-title-toggle\"><\/span><\/div>\n<nav><ul class='ez-toc-list ez-toc-list-level-1 ' ><li class='ez-toc-page-1 ez-toc-heading-level-3'><a class=\"ez-toc-link ez-toc-heading-1\" href=\"https:\/\/basisgruppe-antifa.org\/wp\/kein-spiel-fuer-die-nation-2014\/#Kein_Spiel_fuer_die_Nation\" >Kein Spiel f\u00fcr die Nation!<\/a><\/li><li class='ez-toc-page-1 ez-toc-heading-level-3'><a class=\"ez-toc-link ez-toc-heading-2\" href=\"https:\/\/basisgruppe-antifa.org\/wp\/kein-spiel-fuer-die-nation-2014\/#Copa_para_quem_%E2%80%93_Die_Fussball-WM_fuer_wen\" >Copa para quem? \u2013 Die Fu\u00dfball-WM f\u00fcr wen?<\/a><\/li><li class='ez-toc-page-1 ez-toc-heading-level-3'><a class=\"ez-toc-link ez-toc-heading-3\" href=\"https:\/\/basisgruppe-antifa.org\/wp\/kein-spiel-fuer-die-nation-2014\/#Schland_Schloch\" >Schland? Schloch!<\/a><\/li><li class='ez-toc-page-1 ez-toc-heading-level-3'><a class=\"ez-toc-link ez-toc-heading-4\" href=\"https:\/\/basisgruppe-antifa.org\/wp\/kein-spiel-fuer-die-nation-2014\/#Schwarz-rot-geil\" >Schwarz-rot-geil?<\/a><\/li><li class='ez-toc-page-1 ez-toc-heading-level-3'><a class=\"ez-toc-link ez-toc-heading-5\" href=\"https:\/\/basisgruppe-antifa.org\/wp\/kein-spiel-fuer-die-nation-2014\/#Den_3_Oktober_zum_Desaster_machen\" >Den 3. Oktober zum Desaster machen!<\/a><\/li><\/ul><\/nav><\/div>\n<h3><span class=\"ez-toc-section\" id=\"Kein_Spiel_fuer_die_Nation\"><\/span><strong>Kein Spiel f\u00fcr die Nation!<\/strong><span class=\"ez-toc-section-end\"><\/span><\/h3>\n<h3><span class=\"ez-toc-section\" id=\"Copa_para_quem_%E2%80%93_Die_Fussball-WM_fuer_wen\"><\/span>Copa para quem? \u2013 Die Fu\u00dfball-WM f\u00fcr wen?<span class=\"ez-toc-section-end\"><\/span><\/h3>\n<p>Wird dieser Tage Kritik an den Ereignissen in Brasilien ge\u00e4u\u00dfert, so ist diese zumeist reduziert auf die FIFA als veranstaltende Organisation oder die sozialen Verh\u00e4ltnisse in dem Austragungsort Brasilien. W\u00e4hrend dem Weltfu\u00dfballverband zumeist die Kommerzialisierung des Sports oder Korruption vorgeworfen wird, verstummte die Berichterstattung in den b\u00fcrgerlichen Medien \u00fcber die Proteste der brasilianischen Bev\u00f6lkerung am Rande der Spiele fast g\u00e4nzlich, als der Ball endlich anfing zu rollen und dann sp\u00e4testens, als Jogis Elf zum ersten Mal den Rasen betrat.<br \/>\nDoch wogegen genau richtet sich der soziale Protest der Brasilianer*innen eigentlich? Die Proteste fanden ihren Beginn im Juni letzten Jahres. Ihren Ursprung hatten sie in dem Protest gegen die Erh\u00f6hung der Preise im \u00f6ffentlichen Nahverkehr. Auch wenn bereits knapp anderthalb Wochen nach Beginn der Proteste ein Teilerfolg erzielt wurde und die Preiserh\u00f6hung der Bustickets in den zwei gr\u00f6\u00dften St\u00e4dten des Landes, S\u00e3o Paulo und Rio de Janeiro, seitens der Verwaltungen r\u00fcckg\u00e4ngig gemacht wurde, ging der Protest weiter. Schnell richteten sich die Demonstrationen auch gegen andere soziale Missst\u00e4nde, unter anderem einem korrupten Verwaltungsapparat, steigende Mieten oder hohe Preise f\u00fcr Lebensmittel. Zugleich r\u00fcckte auch der scheinbare Widerspruch in den Blick der Proteste, dass ein Land mit einem derart maroden Bildungssystem sich die teuerste WM in der Geschichte leisten k\u00f6nne. Es kam weiterhin zu Demonstrationen im ganzen Land. Auch jetzt, w\u00e4hrend der WM kommt es t\u00e4glich zu Massendemonstrationen, Blockaden der Zufahrtswege zu den Stadien, Stra\u00dfenschlachten zwischen Demonstrant*innen und Sicherheitskr\u00e4ften z.B. Weitgehend ohne Kenntnisnahme der deutschen \u00d6ffentlichkeit. Denn statt sich sozialen Unmuts und Widerstands zu widmen, will man schlie\u00dflich dieser Tage lieber in schwarz-rot-gold geschm\u00fcckt der deutschen Nationalmannschaft zujubeln.<\/p>\n<h3><span class=\"ez-toc-section\" id=\"Schland_Schloch\"><\/span>Schland? Schloch!<span class=\"ez-toc-section-end\"><\/span><\/h3>\n<p>Wir haben mit dem Feiern der Nationalmannschaft, also der Parteinahme f\u00fcr die eigene Nation, schon grunds\u00e4tzlich ein Problem. Nationalismus erzeugt immer ein Innen und Au\u00dfen, schlie\u00dft also Menschen aus dem nationalen Kollektiv aus. Au\u00dferdem bef\u00fcrwortet er eine Gesellschaftsordnung, die f\u00fcr ihre Insass*innen sch\u00e4dlich ist. Sie basiert auf Gewalt, Zwang, Herrschaft und Ausbeutung. Diese Gesellschaft, in der wir leben, ist kapitalistisch organisiert. Die Menschen in ihr stehen in einem st\u00e4ndigen Konkurrenzverh\u00e4ltnis zueinander, sei es in der Schule, auf dem Arbeitsmarkt oder sogar in ihren privaten Beziehungen.<br \/>\nDer gr\u00f6\u00dfte Teil der Menschen ist von den Produktionsmitteln, welche f\u00fcr die Erzeugung des gesellschaftlichen Reichtums n\u00f6tig sind, ausgeschlossen. Um teilzunehmen und die eigenen Bed\u00fcrfnisse befriedigen zu k\u00f6nnen, also zum Beispiel um sich Essen oder eine Wohnung zu kaufen, ist ausreichend Geld notwendig. Dieses bekommt man im Austausch der eigenen Ware Arbeitskraft gegen Lohn, es entsteht ein Ausbeutungsverh\u00e4ltnis zwischen Arbeitgeber*in und Arbeitnehmer*in. Diese herrschenden Verh\u00e4ltnisse zeigen bereits einen grunds\u00e4tzlichen Widerspruch zu einer Gesellschaft, von der alle in ihr lebenden Menschen profitieren: Anstatt dass die Waren f\u00fcr die Bed\u00fcrfnisse der Menschen produziert werden und f\u00fcr diese frei zug\u00e4nglich sind, wird zum Zwecke des Profits produziert. Wer bei diesem Spiel aller gegen alle verliert droht hier Isolation und Ausgrenzung. Anderswo hat es t\u00f6dliche Folgen. M\u00f6glich wird dies, weil die Produktionsmittel nicht allen geh\u00f6ren, sondern Privateigentum Einzelner sind. Dies sicherzustellen und zu sch\u00fctzen ist eine der Aufgaben des Staates, welches er durch die Durchsetzung des Gewaltmonopols realisiert. Dieser unterwirft die Staatsb\u00fcrger*innen seinem Recht und sichert damit das Fortbestehen von Armut, Ausgrenzung und Leistungszwang.<\/p>\n<h3><span class=\"ez-toc-section\" id=\"Schwarz-rot-geil\"><\/span>Schwarz-rot-geil?<span class=\"ez-toc-section-end\"><\/span><\/h3>\n<p>In feindseligen Verh\u00e4ltnissen geben Selbstbilder den Menschen Halt und Orientierung, erm\u00f6glichen die Erkl\u00e4rung der Gesellschaft. Sie stiften Identit\u00e4t. Nationalismus ist ein solches Selbstbild. Er wirkt als ideologischer Kitt, der die Gesellschaft zusammenh\u00e4lt. W\u00e4hrend die Menschen sich t\u00e4glich als Konkurrenzsubjekte gegen\u00fcber stehen, erm\u00f6glicht der Nationalismus das Aufgehen im nationalen \u201eWir\u201c. Obwohl sonst das t\u00e4gliche Hauen- und Stechen gegen\u00fcber anderen dominiert, sind sie dennoch national\u00f6konomische Schicksalsgenoss*innen. An Stelle der eigenen Interessen tritt das Interesse der Nation.<br \/>\nDie scheinbare Aufhebung des Widerspruchs zwischen Kapital und Arbeit suggeriert den Menschen eine Aufhebung gesellschaftlicher Hierarchien. Auf der Fanmeile ist es egal, welcher Klasse man angeh\u00f6rt und \u00fcber wie viel materiellen Wohlstand man verf\u00fcgt, im Vordergrund steht, dass man deutsch ist. Zugleich wirkt diese Ideologie ausgrenzend. Rassistische und nationalistische \u00dcbergriffe geh\u00f6ren zur bitteren Realit\u00e4t der Spieltage mit deutscher Beteiligung. Auch wenn sich meist nur ein geringer Teil der Menschen auf den Fanmeilen an derartigen \u00dcbergriffen beteiligt, wird an der Anfeindung von Menschen, die einfach keine Lust haben, sich auch noch nach Feierabend in den Dienst der Nation zu stellen und deshalb den nationalen Taumel kritisieren, deutlich, dass es um weit mehr geht als nur um Sport! W\u00e4hrend die Deutschen in heiterer Bierseeligkeit feiern, geben sie ihre Zustimmung zu der Versch\u00e4rfung der Lebensrealit\u00e4t Erwerbsloser, der systematischen Verarmung weiter Teile Europas und einer zutiefst m\u00f6rderischen Fl\u00fcchtlings- und Au\u00dfenpolitik.<\/p>\n<h3><span class=\"ez-toc-section\" id=\"Den_3_Oktober_zum_Desaster_machen\"><\/span>Den 3. Oktober zum Desaster machen!<span class=\"ez-toc-section-end\"><\/span><\/h3>\n<p>Unsere Kritik daran, dass Menschen w\u00e4hrend sportlicher Gro\u00dfereignisse f\u00fcr ihr Land jubeln, zielt also nicht nur darauf ab, Exzesse dieses Nationalismus, zu skandalisieren, so verurteilenswert sie auch sind. Wir finden Nationalismus grunds\u00e4tzlich schei\u00dfe, sei er auch noch so vermeintlich \u201efriedlich\u201c. Diese Kritik wollen wir heute hier auf die Stra\u00dfe bringen! Denn Nationalismus bedeutet immer ein Angriff auf das sch\u00f6ne Leben f\u00fcr alle! Und zur Kritik bieten sich Anl\u00e4sse genug! Wenn Mitte Juli die Autof\u00e4hnchen wieder eingepackt werden und die schwarz-rot-goldenen Wimpel aus den Fensterscheiben deutscher Wohnh\u00e4user verschwinden, geht der kapitalistische Normalvollzug in all seiner Widerw\u00e4rtigkeit weiter. Am 3. Oktober finden in Hannover die offiziellen Einheitsfeierlichkeiten der Bundesrepublik Deutschland zum 24. Jahrestag der Einverleibung der DDR statt. Auch hier werden wir mit vielen Menschen gemeinsam auf die Stra\u00dfe gehen und den herrschenden Verh\u00e4ltnissen den Kampf ansagen! Denn eine befreite Gesellschaft kann nur ohne Staat, Nation, Kapital, patriarchaler Strukturen, gegen alle Herrschafts- und Unterdr\u00fcckungsmechanismen funktionieren.<\/p>\n<p><strong>F\u00fcr eine solidarische Gesellschaft statt dem nationalen Zwangskollektiv! Nie wieder Deutschland! F\u00fcr den Kommunismus!<\/strong><\/p>\n<p><iframe loading=\"lazy\" class=\"scribd_iframe_embed\" src=\"\/\/www.scribd.com\/embeds\/232563956\/content?start_page=1&#038;view_mode=scroll&#038;access_key=key-ruA7khJX2kUAWeiGkTHb&#038;show_recommendations=false\" data-auto-height=\"false\" data-aspect-ratio=\"0.7080062794348508\" scrolling=\"no\" id=\"doc_16667\" width=\"100%\" height=\"600\" frameborder=\"0\"><\/iframe><\/p>\n","protected":false},"excerpt":{"rendered":"<p>Am 5. Juli 2014 hielten wir auf der Demonstration des &#8222;B\u00fcndnis gegen Nationalismus Bremen&#8220; unter den Titel &#8222;Keine Party f\u00fcr die Nation&#8220; folgenden Redebeitrag. Kein Spiel f\u00fcr die Nation! Copa &hellip; <\/p>\n","protected":false},"author":1,"featured_media":0,"parent":0,"menu_order":0,"comment_status":"closed","ping_status":"closed","template":"","meta":{"footnotes":""},"class_list":["post-2650","page","type-page","status-publish","hentry"],"jetpack_sharing_enabled":true,"_links":{"self":[{"href":"https:\/\/basisgruppe-antifa.org\/wp\/wp-json\/wp\/v2\/pages\/2650","targetHints":{"allow":["GET"]}}],"collection":[{"href":"https:\/\/basisgruppe-antifa.org\/wp\/wp-json\/wp\/v2\/pages"}],"about":[{"href":"https:\/\/basisgruppe-antifa.org\/wp\/wp-json\/wp\/v2\/types\/page"}],"author":[{"embeddable":true,"href":"https:\/\/basisgruppe-antifa.org\/wp\/wp-json\/wp\/v2\/users\/1"}],"replies":[{"embeddable":true,"href":"https:\/\/basisgruppe-antifa.org\/wp\/wp-json\/wp\/v2\/comments?post=2650"}],"version-history":[{"count":0,"href":"https:\/\/basisgruppe-antifa.org\/wp\/wp-json\/wp\/v2\/pages\/2650\/revisions"}],"wp:attachment":[{"href":"https:\/\/basisgruppe-antifa.org\/wp\/wp-json\/wp\/v2\/media?parent=2650"}],"curies":[{"name":"wp","href":"https:\/\/api.w.org\/{rel}","templated":true}]}}